{"id":988886,"date":"2025-07-17T15:09:25","date_gmt":"2025-07-17T15:09:25","guid":{"rendered":"https:\/\/zaynaswimwear.com\/?post_type=product&#038;p=988886"},"modified":"2026-04-13T03:32:18","modified_gmt":"2026-04-13T03:32:18","slug":"pantalon-large-deperlant-inaya","status":"publish","type":"product","link":"https:\/\/zaynaswimwear.com\/fr\/produit\/pantalon-large-deperlant-inaya\/","title":{"rendered":"Inaya d\u00e9perlant - Pantalon large"},"content":{"rendered":"<div class=\"vgblk-rw-wrapper limit-wrapper\">\n<p class=\"p1\">Le Burkini hydrofuge Inaya est \u00e0 la fois \u00e9l\u00e9gant et fonctionnel. Il est parfaitement con\u00e7u pour les femmes qui se sentent \u00e0 l'aise,<\/p>\n<p class=\"p1\">couvertes et en confiance dans et hors de l\u2019eau.<\/p>\n<p class=\"p1\">L\u2019ensemble comprend une <b>chemise longue de 80 cm<\/b> (bien qu'il ait l'air court sur le mannequin) et un <b>pantalon large<\/b> orn\u00e9 d\u2019une \u00e9l\u00e9gante couture centrale. <b>Les manches d\u00e9licatement pliss\u00e9es <\/b>et la fermeture \u00e9clair frontale rendent le mod\u00e8le id\u00e9al pour <b>La fermeture \u00e0 glissi\u00e8re frontale est id\u00e9ale pour <\/b><b>l'allaitement<\/b>.<\/p>\n<p class=\"p1\">Le pantalon pr\u00e9sente une <b>coupe ample<\/b>, <b>des poches lat\u00e9rales<\/b> et <b>un cordon r\u00e9glable \u00e0 la <\/b><b>taille<\/b>. Gr\u00e2ce aux <b>fentes et aux<\/b> attaches pr\u00e9vues, vous pouvez facilement fixer la chemise au pantalon pour plus de s\u00e9curit\u00e9 pendant la baignade.<\/p>\n<p class=\"p1\">Et le meilleur de tous ? Le burkini est <b>hydrofuge<\/b>, ce qui fait qu\u2019il <b>ne colle pas au corps<\/b> Lorsque vous sortez de l'eau.<\/p>\n<p class=\"p1\">Parfait pour la piscine, les vacances \u00e0 la plage ou les activit\u00e9s de natation sportives - sans compromis sur le style ou le confort.<\/p>\n<\/div>\n<p><!-- .vgblk-rw-wrapper --><\/p>","protected":false},"excerpt":{"rendered":"<p>Inaya Waterafstotend Burkini is stijlvolle \u00e9n functionele. het is perfect ontworpen voor vrouwen die zich comfortabel, bedekt \u00e9n zelfverzekerd willen voelen in en rond het water. De set bestaat uit een lang shirt van 80 cm (ondanks dat het kort oogt op de paspop) en een wijde broek met een elegante middennaad. De leuke mouwtjes&#8230;<\/p>","protected":false},"featured_media":989350,"comment_status":"open","ping_status":"closed","template":"","meta":{"iawp_total_views":272},"product_brand":[],"product_cat":[204],"product_tag":[],"class_list":{"0":"post-988886","1":"product","2":"type-product","3":"status-publish","4":"has-post-thumbnail","6":"product_cat-burkinis","7":"product_shipping_class-normale-verzending","9":"first","10":"instock","11":"shipping-taxable","12":"purchasable","13":"product-type-variable"},"gallery_images":[988884,988885,988882,988879,988878,988877,988875,988899],"_links":{"self":[{"href":"https:\/\/zaynaswimwear.com\/fr\/wp-json\/wp\/v2\/product\/988886","targetHints":{"allow":["GET"]}}],"collection":[{"href":"https:\/\/zaynaswimwear.com\/fr\/wp-json\/wp\/v2\/product"}],"about":[{"href":"https:\/\/zaynaswimwear.com\/fr\/wp-json\/wp\/v2\/types\/product"}],"replies":[{"embeddable":true,"href":"https:\/\/zaynaswimwear.com\/fr\/wp-json\/wp\/v2\/comments?post=988886"}],"wp:featuredmedia":[{"embeddable":true,"href":"https:\/\/zaynaswimwear.com\/fr\/wp-json\/wp\/v2\/media\/989350"}],"wp:attachment":[{"href":"https:\/\/zaynaswimwear.com\/fr\/wp-json\/wp\/v2\/media?parent=988886"}],"wp:term":[{"taxonomy":"product_brand","embeddable":true,"href":"https:\/\/zaynaswimwear.com\/fr\/wp-json\/wp\/v2\/product_brand?post=988886"},{"taxonomy":"product_cat","embeddable":true,"href":"https:\/\/zaynaswimwear.com\/fr\/wp-json\/wp\/v2\/product_cat?post=988886"},{"taxonomy":"product_tag","embeddable":true,"href":"https:\/\/zaynaswimwear.com\/fr\/wp-json\/wp\/v2\/product_tag?post=988886"}],"curies":[{"name":"wp","href":"https:\/\/api.w.org\/{rel}","templated":true}]}}