{"id":987928,"date":"2024-07-24T14:22:16","date_gmt":"2024-07-24T14:22:16","guid":{"rendered":"https:\/\/zaynaswimwear.com\/?post_type=product&#038;p=987928"},"modified":"2025-11-01T12:32:08","modified_gmt":"2025-11-01T12:32:08","slug":"foulards-de-bain","status":"publish","type":"product","link":"https:\/\/zaynaswimwear.com\/fr\/produit\/foulards-de-bain\/","title":{"rendered":"Foulards de bain"},"content":{"rendered":"<div class=\"vgblk-rw-wrapper limit-wrapper\"><span style=\"font-weight: 400;\">Le turban pour maillots de bain est fabriqu\u00e9 dans le m\u00eame tissu et la m\u00eame couleur que le maillot de bain. Le turban porte \u00e9galement une \u00e9tiquette avec le logo du maillot de bain Zayna.<\/span><\/div>\n<p><!-- .vgblk-rw-wrapper --><\/p>","protected":false},"excerpt":{"rendered":"<p><span style=\"font-weight: 400;\">Le turban pour maillots de bain est fabriqu\u00e9 dans le m\u00eame tissu et la m\u00eame couleur que le maillot de bain. Le turban porte \u00e9galement une \u00e9tiquette avec le logo du maillot de bain Zayna.<\/span><\/p>","protected":false},"featured_media":987934,"comment_status":"open","ping_status":"closed","template":"","meta":{"iawp_total_views":72},"product_brand":[],"product_cat":[214],"product_tag":[],"class_list":{"0":"post-987928","1":"product","2":"type-product","3":"status-publish","4":"has-post-thumbnail","6":"product_cat-accessoires","7":"product_shipping_class-brievenbus","9":"first","10":"instock","11":"sale","12":"shipping-taxable","13":"purchasable","14":"product-type-variable"},"gallery_images":[987937,987936,987935,987934,988546],"_links":{"self":[{"href":"https:\/\/zaynaswimwear.com\/fr\/wp-json\/wp\/v2\/product\/987928","targetHints":{"allow":["GET"]}}],"collection":[{"href":"https:\/\/zaynaswimwear.com\/fr\/wp-json\/wp\/v2\/product"}],"about":[{"href":"https:\/\/zaynaswimwear.com\/fr\/wp-json\/wp\/v2\/types\/product"}],"replies":[{"embeddable":true,"href":"https:\/\/zaynaswimwear.com\/fr\/wp-json\/wp\/v2\/comments?post=987928"}],"wp:featuredmedia":[{"embeddable":true,"href":"https:\/\/zaynaswimwear.com\/fr\/wp-json\/wp\/v2\/media\/987934"}],"wp:attachment":[{"href":"https:\/\/zaynaswimwear.com\/fr\/wp-json\/wp\/v2\/media?parent=987928"}],"wp:term":[{"taxonomy":"product_brand","embeddable":true,"href":"https:\/\/zaynaswimwear.com\/fr\/wp-json\/wp\/v2\/product_brand?post=987928"},{"taxonomy":"product_cat","embeddable":true,"href":"https:\/\/zaynaswimwear.com\/fr\/wp-json\/wp\/v2\/product_cat?post=987928"},{"taxonomy":"product_tag","embeddable":true,"href":"https:\/\/zaynaswimwear.com\/fr\/wp-json\/wp\/v2\/product_tag?post=987928"}],"curies":[{"name":"wp","href":"https:\/\/api.w.org\/{rel}","templated":true}]}}