{"id":327,"date":"2024-02-07T09:30:39","date_gmt":"2024-02-07T09:30:39","guid":{"rendered":"https:\/\/innovecouture.vamtam.com\/?post_type=product&#038;p=327"},"modified":"2026-03-24T10:01:33","modified_gmt":"2026-03-24T10:01:33","slug":"robe-de-bain-maysa-2","status":"publish","type":"product","link":"https:\/\/zaynaswimwear.com\/fr\/produit\/robe-de-bain-maysa-2\/","title":{"rendered":"Robe de bain Maysa avec maillot de bain"},"content":{"rendered":"<div class=\"vgblk-rw-wrapper limit-wrapper\">La robe de bain Maysa est une tenue de bain \u00e9l\u00e9gante qui couvre enti\u00e8rement votre aura sans compromettre votre style et votre libert\u00e9 de mouvement ? La robe de bain Maysa est ce qu'il vous faut.<\/p>\n<p>Deze zorgvuldig ontworpen drie-delige set bestaat uit:<\/p>\n<p>&nbsp;<\/p>\n<ul>\n<li>Une robe de bain confortable orn\u00e9e de jolis volants aux manches<\/li>\n<li>Un bas assorti arrivant au-dessus du genou<\/li>\n<li>Et un bandeau \u00e9l\u00e9gant pour compl\u00e9ter la tenue<\/li>\n<\/ul>\n<p>&nbsp;<\/p>\n<p>De jurk valt tot op de knie (100 cm lang). En maak je geen zorgen over opwaaiende stof \u2013 dankzij het handige bevestigingssysteem blijft alles netjes op zijn plek, zelfs in het water.<\/p>\n<p>Comfort van binnenuit<\/p>\n<p>De Maysa is gevoerd aan de binnenkant en bevat losse pads, die je eenvoudig kunt verwijderen. De luchtige, sneldrogende stof voelt prettig aan op de huid \u2013 ideaal voor zonnige dagen en ontspanning aan het water.<\/p>\n<p>Combineer met een lange zwemlegging<\/p>\n<p>Kies je voor de Maysa? Dan profiteer je van een voordelige prijs op onze bijpassende lange zwemlegging tot aan de enkel \u2013 perfect voor extra bedekking en stijl.<\/p>\n<p>Maatadvies<\/p>\n<p>De Maysa valt iets kleiner uit dan standaardmaten. We raden aan om \u00e9\u00e9n maat groter te bestellen dan je normaal draagt.<\/p>\n<p>Waarom kiezen voor de Maysa?<\/p>\n<p>&nbsp;<\/p>\n<ul>\n<li>Une couverture compl\u00e8te sans tracas<\/li>\n<li>Une conception intelligente qui reste en place<\/li>\n<li>D\u00e9tails \u00e9l\u00e9gants et finition de haute qualit\u00e9<\/li>\n<li>Confortable, a\u00e9r\u00e9 et s\u00e9chant rapidement<\/li>\n<li>Id\u00e9al pour les femmes qui s'habillent consciemment, sans concessions<\/li>\n<\/ul>\n<p>&nbsp;<\/p>\n<p>Gun jezelf comfort, stijl en rust \u2013 in \u00e9n buiten het water.<\/p>\n<p>Zwem met vertrouwen, stijl \u00e9n comfort \u2013 ontdek de Maysa zwemjurk<\/p>\n<p>&nbsp;<\/p>\n<p>&nbsp;<\/p><\/div>\n<p><!-- .vgblk-rw-wrapper --><\/p>","protected":false},"excerpt":{"rendered":"<p>Maysa zwemjurk is een elegante zwemoutfit die je aura volledig bedekt zonder in te leveren op stijl en bewegingsvrijheid? Dan is de Maysa zwemjurk precies wat jij nodig hebt. Deze zorgvuldig ontworpen drie-delige set bestaat uit: &nbsp; Een comfortabele zwemjurk met speelse ruffle details aan de mouwen Een bijpassend zwembroekje tot net boven de knie&#8230;<\/p>","protected":false},"featured_media":987947,"comment_status":"open","ping_status":"closed","template":"","meta":{"iawp_total_views":283},"product_brand":[],"product_cat":[204,210],"product_tag":[],"class_list":{"0":"post-327","1":"product","2":"type-product","3":"status-publish","4":"has-post-thumbnail","6":"product_cat-burkinis","7":"product_cat-swimwear","8":"product_shipping_class-normale-verzending","10":"first","11":"instock","12":"sale","13":"shipping-taxable","14":"purchasable","15":"product-type-variable"},"gallery_images":[987947,987691,988541,988543,987692,987948,988542],"_links":{"self":[{"href":"https:\/\/zaynaswimwear.com\/fr\/wp-json\/wp\/v2\/product\/327","targetHints":{"allow":["GET"]}}],"collection":[{"href":"https:\/\/zaynaswimwear.com\/fr\/wp-json\/wp\/v2\/product"}],"about":[{"href":"https:\/\/zaynaswimwear.com\/fr\/wp-json\/wp\/v2\/types\/product"}],"replies":[{"embeddable":true,"href":"https:\/\/zaynaswimwear.com\/fr\/wp-json\/wp\/v2\/comments?post=327"}],"wp:featuredmedia":[{"embeddable":true,"href":"https:\/\/zaynaswimwear.com\/fr\/wp-json\/wp\/v2\/media\/987947"}],"wp:attachment":[{"href":"https:\/\/zaynaswimwear.com\/fr\/wp-json\/wp\/v2\/media?parent=327"}],"wp:term":[{"taxonomy":"product_brand","embeddable":true,"href":"https:\/\/zaynaswimwear.com\/fr\/wp-json\/wp\/v2\/product_brand?post=327"},{"taxonomy":"product_cat","embeddable":true,"href":"https:\/\/zaynaswimwear.com\/fr\/wp-json\/wp\/v2\/product_cat?post=327"},{"taxonomy":"product_tag","embeddable":true,"href":"https:\/\/zaynaswimwear.com\/fr\/wp-json\/wp\/v2\/product_tag?post=327"}],"curies":[{"name":"wp","href":"https:\/\/api.w.org\/{rel}","templated":true}]}}