{"id":265,"date":"2024-02-07T09:24:59","date_gmt":"2024-02-07T09:24:59","guid":{"rendered":"https:\/\/innovecouture.vamtam.com\/?post_type=product&#038;p=265"},"modified":"2026-04-13T03:27:40","modified_gmt":"2026-04-13T03:27:40","slug":"abaya-burkini-deperlant","status":"publish","type":"product","link":"https:\/\/zaynaswimwear.com\/fr\/produit\/abaya-burkini-deperlant\/","title":{"rendered":"Abaya Burkini d\u00e9perlant"},"content":{"rendered":"<div class=\"vgblk-rw-wrapper limit-wrapper\">Abaya Waterafstotend Burkini, Praktisch &amp; Elegant<\/p>\n<p>Ontdek onze Abaya burkini: d\u00e9 perfecte keuze voor vrouwen die comfortabel, bedekt \u00e9n stijlvol willen zwemmen! Dankzij de waterafstotende stof blijft de burkini niet plakken aan je lichaam zodra je uit het water komt, en droog je razendsnel op.<\/p>\n<p>Productdetails:<\/p>\n<ul>\n<li>Tissu d\u00e9perlant et respirant : offre une sensation de fra\u00eecheur et s\u00e8che rapidement.<\/li>\n<li>Rits bij borstgedeelte:<br \/>\nIdeaal voor borstvoeding of om je hoofddoek makkelijk onder de burkini te dragen.<\/li>\n<li>Inclusief instant hijab:<br \/>\nLichtgewicht hoofddoek inbegrepen, gemaakt van dezelfde comfortabele stof.<\/li>\n<li>Praktische zakken:<br \/>\nHandig voor je sleutels, telefoon of andere kleine items.<\/li>\n<li>Mooie afwerking:<br \/>\nMouwtjes met stijlvol knoopdetail.<\/li>\n<li>Drie-delig set:<br \/>\nZwemjurk (lengte: 130 cm), zwemlegging en bijpassende hijab.<\/li>\n<li>Veilig vast te maken:<br \/>\nTouwtje van de jurk kan worden bevestigd aan het gleufje in de legging, zodat de jurk niet omhoog vliegt tijdens het zwemmen.<\/li>\n<\/ul>\n<p>Conseils suppl\u00e9mentaires :<\/p>\n<ul>\n<li>Fixation maximale : Si n\u00e9cessaire, d\u00e9placez la fente du legging \u00e0 la hauteur du genou pour encore plus de fermet\u00e9.<\/li>\n<li>Onderstof:<br \/>\nDe zwemjurk heeft een losse ondervoering die je eenvoudig kunt laten innemen als je dit prettiger vindt.<\/li>\n<\/ul>\n<p>Waarom kiezen voor de Abaya burkini?<\/p>\n<p>Deze burkini combineert maximale bedekking, praktisch gebruiksgemak \u00e9n een verzorgde, elegante uitstraling. Bovendien is dit de enige burkini in onze collectie waarbij de hijab standaard is inbegrepen!<\/p>\n<p>Klaar om stijlvol \u00e9n comfortabel het water in te gaan?<\/p>\n<p>Bestel nu jouw Abaya burkini en ervaar het zelf!<\/p><\/div>\n<p><!-- .vgblk-rw-wrapper --><\/p>","protected":false},"excerpt":{"rendered":"<ul>\n<li><span style=\"font-weight: 400;\">Ten tweede is de abaya burkini<\/span><b> inclusief instant hijab<\/b><span style=\"font-weight: 400;\">! De hoofddoek heeft ook een dunne stof maar niet te vergeten ook een hele verkoelende stof. De hoofddoek kan je dan ook gemakkelijk in je burkini stoppen.<\/span><span style=\"font-weight: 400;\"> De burkini ook <\/span><b>zakken!<\/b><span style=\"font-weight: 400;\"> Ja je leest het goed! Je kan je sleutels en telefoon eindelijk in je zakken doen.\u00a0<\/span><span style=\"font-weight: 400;\">En hebben jullie ook gekeken naar <\/span><b>de mouwtjes en het leuke detail knoopje? <\/b><span style=\"font-weight: 400;\">De mouwtjes zijn echt heel mooi en netjes afgewerkt.<\/span><span style=\"font-weight: 400;\">De lengte van de jurk is<\/span><b> 130 cm<\/b><span style=\"font-weight: 400;\">. <\/span><\/li>\n<li><span style=\"font-weight: 400;\">De abaya burkini is een<\/span><b> 3-delig set:<\/b><span style=\"font-weight: 400;\"> zwemjurk, zwemlegging en instant hijab. Dit is de enige burkini in de collectie, tot nu toe, waarbij de zwemhoofddoek inbegrepen is!\u00a0<\/span><span style=\"font-weight: 400;\">De zwemjurk en zwemlegging kan je <\/span><b>aan elkaar vestigen <\/b><span style=\"font-weight: 400;\">dmv het touwtje van de jurk\u00a0 en het gleufje van de zwemlegging.\u00a0 Dit zodat de zwemjurk niet al te omhoog vliegt tijdens het zwemmen.<\/span><\/li>\n<li><i><span style=\"font-weight: 400;\">Tip 1: je kan het gleufje van de zwemlegging ook laten verplaatsen en laten naaien ter hoogte van je knie, dan gaat de zwemjurk nog minder omhoog!<\/span><\/i><i><span style=\"font-weight: 400;\">Tip 2: De zwemjurk heeft ook een onderstof. Deze onderstof zit los, vind je de onderstof niet nodig? dan kan je dat makkelijk zelf laten innemen.<\/span><\/i><\/li>\n<\/ul>","protected":false},"featured_media":989349,"comment_status":"open","ping_status":"closed","template":"","meta":{"iawp_total_views":472},"product_brand":[],"product_cat":[204],"product_tag":[],"class_list":{"0":"post-265","1":"product","2":"type-product","3":"status-publish","4":"has-post-thumbnail","6":"product_cat-burkinis","7":"product_shipping_class-normale-verzending","9":"first","10":"instock","11":"sale","12":"shipping-taxable","13":"purchasable","14":"product-type-variable"},"gallery_images":[988818,988783,988784,988970,988887,988893,988894,988892,988891,988888,988896,988895,988900],"_links":{"self":[{"href":"https:\/\/zaynaswimwear.com\/fr\/wp-json\/wp\/v2\/product\/265","targetHints":{"allow":["GET"]}}],"collection":[{"href":"https:\/\/zaynaswimwear.com\/fr\/wp-json\/wp\/v2\/product"}],"about":[{"href":"https:\/\/zaynaswimwear.com\/fr\/wp-json\/wp\/v2\/types\/product"}],"replies":[{"embeddable":true,"href":"https:\/\/zaynaswimwear.com\/fr\/wp-json\/wp\/v2\/comments?post=265"}],"wp:featuredmedia":[{"embeddable":true,"href":"https:\/\/zaynaswimwear.com\/fr\/wp-json\/wp\/v2\/media\/989349"}],"wp:attachment":[{"href":"https:\/\/zaynaswimwear.com\/fr\/wp-json\/wp\/v2\/media?parent=265"}],"wp:term":[{"taxonomy":"product_brand","embeddable":true,"href":"https:\/\/zaynaswimwear.com\/fr\/wp-json\/wp\/v2\/product_brand?post=265"},{"taxonomy":"product_cat","embeddable":true,"href":"https:\/\/zaynaswimwear.com\/fr\/wp-json\/wp\/v2\/product_cat?post=265"},{"taxonomy":"product_tag","embeddable":true,"href":"https:\/\/zaynaswimwear.com\/fr\/wp-json\/wp\/v2\/product_tag?post=265"}],"curies":[{"name":"wp","href":"https:\/\/api.w.org\/{rel}","templated":true}]}}