{"id":732,"date":"2023-12-29T09:26:27","date_gmt":"2023-12-29T09:26:27","guid":{"rendered":"https:\/\/innovecouture.vamtam.com\/?page_id=732"},"modified":"2024-07-25T10:13:10","modified_gmt":"2024-07-25T10:13:10","slug":"etat-de-la-commande","status":"publish","type":"page","link":"https:\/\/zaynaswimwear.com\/fr\/etat-de-la-commande\/","title":{"rendered":"Statut de la commande"},"content":{"rendered":"<div data-elementor-type=\"wp-page\" data-elementor-id=\"732\" class=\"elementor elementor-732\" data-elementor-post-type=\"page\">\n\t\t\t\t<div class=\"elementor-element elementor-element-43c5ee3 e-flex e-con-boxed e-con e-parent\" data-id=\"43c5ee3\" data-element_type=\"container\" data-e-type=\"container\" data-settings=\"{&quot;background_background&quot;:&quot;classic&quot;}\">\n\t\t\t\t\t<div class=\"e-con-inner\">\n\t\t\t\t<div class=\"vamtam-has-theme-widget-styles elementor-element elementor-element-a96a90d elementor-widget elementor-widget-text-editor\" data-id=\"a96a90d\" data-element_type=\"widget\" data-e-type=\"widget\" data-widget_type=\"text-editor.default\">\n\t\t\t\t<div class=\"elementor-widget-container\">\n\t\t\t\t\t\t\t\t\t<p><strong>Vous souhaitez suivre ou annuler votre commande ?<br \/><\/strong><br \/>Saisissez le num\u00e9ro de commande et l'adresse \u00e9lectronique utilis\u00e9s pour la commande que vous souhaitez suivre ou annuler. Si vous \u00eates encore dans la p\u00e9riode de regret de 30 minutes, s\u00e9lectionnez \u2018Annuler la commande\u2019 une fois que vous \u00eates dirig\u00e9 vers la page de suivi.<\/p>\t\t\t\t\t\t\t\t<\/div>\n\t\t\t\t<\/div>\n\t\t\t\t<div class=\"vamtam-has-theme-widget-styles elementor-element elementor-element-0508bce elementor-widget__width-initial elementor-widget-mobile__width-inherit elementor-widget elementor-widget-wc-elements\" data-id=\"0508bce\" data-element_type=\"widget\" data-e-type=\"widget\" data-widget_type=\"wc-elements.default\">\n\t\t\t\t<div class=\"elementor-widget-container\">\n\t\t\t\t\t<div class=\"woocommerce\"><\/div>\t\t\t\t<\/div>\n\t\t\t\t<\/div>\n\t\t\t\t\t<\/div>\n\t\t\t\t<\/div>\n\t\t\t\t<\/div>","protected":false},"excerpt":{"rendered":"<p>Suivez votre commande<\/p>","protected":false},"author":2,"featured_media":0,"parent":0,"menu_order":0,"comment_status":"closed","ping_status":"closed","template":"","meta":{"iawp_total_views":5,"footnotes":""},"class_list":["post-732","page","type-page","status-publish","hentry"],"_links":{"self":[{"href":"https:\/\/zaynaswimwear.com\/fr\/wp-json\/wp\/v2\/pages\/732","targetHints":{"allow":["GET"]}}],"collection":[{"href":"https:\/\/zaynaswimwear.com\/fr\/wp-json\/wp\/v2\/pages"}],"about":[{"href":"https:\/\/zaynaswimwear.com\/fr\/wp-json\/wp\/v2\/types\/page"}],"author":[{"embeddable":true,"href":"https:\/\/zaynaswimwear.com\/fr\/wp-json\/wp\/v2\/users\/2"}],"replies":[{"embeddable":true,"href":"https:\/\/zaynaswimwear.com\/fr\/wp-json\/wp\/v2\/comments?post=732"}],"version-history":[{"count":3,"href":"https:\/\/zaynaswimwear.com\/fr\/wp-json\/wp\/v2\/pages\/732\/revisions"}],"predecessor-version":[{"id":988291,"href":"https:\/\/zaynaswimwear.com\/fr\/wp-json\/wp\/v2\/pages\/732\/revisions\/988291"}],"wp:attachment":[{"href":"https:\/\/zaynaswimwear.com\/fr\/wp-json\/wp\/v2\/media?parent=732"}],"curies":[{"name":"wp","href":"https:\/\/api.w.org\/{rel}","templated":true}]}}