{"id":988886,"date":"2025-07-17T15:09:25","date_gmt":"2025-07-17T15:09:25","guid":{"rendered":"https:\/\/zaynaswimwear.com\/?post_type=product&#038;p=988886"},"modified":"2026-04-13T03:32:18","modified_gmt":"2026-04-13T03:32:18","slug":"inaya-wasserabweisende-weite-hose","status":"publish","type":"product","link":"https:\/\/zaynaswimwear.com\/de\/produkt\/inaya-wasserabweisende-weite-hose\/","title":{"rendered":"Inaya wasserabweisend - Weite Hosen"},"content":{"rendered":"<div class=\"vgblk-rw-wrapper limit-wrapper\">\n<p class=\"p1\">Der wasserabweisende Burkini von Inaya ist sowohl stilvoll als auch funktionell. Er ist perfekt f\u00fcr Frauen, die sich wohlf\u00fchlen,<\/p>\n<p class=\"p1\">und sich im und am Wasser sicher und gesch\u00fctzt f\u00fchlen m\u00f6chten.<\/p>\n<p class=\"p1\">Das Set besteht aus einem <b>langen Oberteil  von 80 cm<\/b> (obwohl sie auf der Schaufensterpuppe kurz aussieht) und einer <b>lockeren Hose<\/b> mit einer eleganten Mittelnaht. Die <b>s\u00fc\u00dfen \u00c4rmel mit Faltdetails <\/b>verleihen einen femininen Touch, w\u00e4hrend der <b>Frontrei\u00dfverschluss ideal zum <\/b><b>Stillen ist.<\/b>.<\/p>\n<p class=\"p1\">Die Hose ist entworfen mit <b>weiten Beinen<\/b>, <b>Seitentaschen<\/b> und <b>einem verstellbaren Kordelzug in der <\/b><b>Taille<\/b>. Dank der <b>Schlitze und Schlaufen<\/b> k\u00f6nnen Sie das Oberteil einfach an der Hose befestigen - f\u00fcr zus\u00e4tzliche Sicherheit beim Schwimmen.<\/p>\n<p class=\"p1\">Und das Beste daran? Der Burkini ist <b>wasserabweisend<\/b>, und <b>klebt nicht am K\u00f6rper,<\/b> wenn Sie aus dem Wasser kommen.<\/p>\n<p class=\"p1\">Perfekt f\u00fcr den Pool, den Strandurlaub oder sportliche Schwimmaktivit\u00e4ten - ohne Kompromisse bei Stil und Komfort einzugehen.<\/p>\n<\/div>\n<p><!-- .vgblk-rw-wrapper --><\/p>","protected":false},"excerpt":{"rendered":"<p>Inaya Waterafstotend Burkini is stijlvolle \u00e9n functionele. het is perfect ontworpen voor vrouwen die zich comfortabel, bedekt \u00e9n zelfverzekerd willen voelen in en rond het water. De set bestaat uit een lang shirt van 80 cm (ondanks dat het kort oogt op de paspop) en een wijde broek met een elegante middennaad. De leuke mouwtjes&#8230;<\/p>","protected":false},"featured_media":989350,"comment_status":"open","ping_status":"closed","template":"","meta":{"iawp_total_views":281},"product_brand":[],"product_cat":[204],"product_tag":[],"class_list":{"0":"post-988886","1":"product","2":"type-product","3":"status-publish","4":"has-post-thumbnail","6":"product_cat-burkinis","7":"product_shipping_class-normale-verzending","9":"first","10":"instock","11":"shipping-taxable","12":"purchasable","13":"product-type-variable"},"gallery_images":[988884,988885,988882,988879,988878,988877,988875,988899],"_links":{"self":[{"href":"https:\/\/zaynaswimwear.com\/de\/wp-json\/wp\/v2\/product\/988886","targetHints":{"allow":["GET"]}}],"collection":[{"href":"https:\/\/zaynaswimwear.com\/de\/wp-json\/wp\/v2\/product"}],"about":[{"href":"https:\/\/zaynaswimwear.com\/de\/wp-json\/wp\/v2\/types\/product"}],"replies":[{"embeddable":true,"href":"https:\/\/zaynaswimwear.com\/de\/wp-json\/wp\/v2\/comments?post=988886"}],"wp:featuredmedia":[{"embeddable":true,"href":"https:\/\/zaynaswimwear.com\/de\/wp-json\/wp\/v2\/media\/989350"}],"wp:attachment":[{"href":"https:\/\/zaynaswimwear.com\/de\/wp-json\/wp\/v2\/media?parent=988886"}],"wp:term":[{"taxonomy":"product_brand","embeddable":true,"href":"https:\/\/zaynaswimwear.com\/de\/wp-json\/wp\/v2\/product_brand?post=988886"},{"taxonomy":"product_cat","embeddable":true,"href":"https:\/\/zaynaswimwear.com\/de\/wp-json\/wp\/v2\/product_cat?post=988886"},{"taxonomy":"product_tag","embeddable":true,"href":"https:\/\/zaynaswimwear.com\/de\/wp-json\/wp\/v2\/product_tag?post=988886"}],"curies":[{"name":"wp","href":"https:\/\/api.w.org\/{rel}","templated":true}]}}