{"id":988276,"date":"2024-07-25T09:54:28","date_gmt":"2024-07-25T09:54:28","guid":{"rendered":"https:\/\/zaynaswimwear.com\/?page_id=988276"},"modified":"2024-12-26T06:29:18","modified_gmt":"2024-12-26T06:29:18","slug":"gibt-zuruck","status":"publish","type":"page","link":"https:\/\/zaynaswimwear.com\/de\/gibt-zuruck\/","title":{"rendered":"R\u00fcckgabe"},"content":{"rendered":"<div data-elementor-type=\"wp-page\" data-elementor-id=\"988276\" class=\"elementor elementor-988276\" data-elementor-post-type=\"page\">\n\t\t\t\t<div class=\"elementor-element elementor-element-c8ec71a e-flex e-con-boxed e-con e-parent\" data-id=\"c8ec71a\" data-element_type=\"container\" data-e-type=\"container\" data-settings=\"{&quot;background_background&quot;:&quot;classic&quot;}\">\n\t\t\t\t\t<div class=\"e-con-inner\">\n\t\t\t\t<div class=\"elementor-element elementor-element-ec640b3 elementor-widget elementor-widget-heading\" data-id=\"ec640b3\" data-element_type=\"widget\" data-e-type=\"widget\" data-widget_type=\"heading.default\">\n\t\t\t\t<div class=\"elementor-widget-container\">\n\t\t\t\t\t<h2 class=\"elementor-heading-title elementor-size-default\">R\u00fcckgabe<\/h2>\t\t\t\t<\/div>\n\t\t\t\t<\/div>\n\t\t\t\t<div class=\"vamtam-has-theme-widget-styles elementor-element elementor-element-00b627a elementor-widget elementor-widget-text-editor\" data-id=\"00b627a\" data-element_type=\"widget\" data-e-type=\"widget\" data-widget_type=\"text-editor.default\">\n\t\t\t\t<div class=\"elementor-widget-container\">\n\t\t\t\t\t\t\t\t\t<p style=\"text-align: left;\">Wir bem\u00fchen uns, Ihre Bestellung vollst\u00e4ndig und in einwandfreiem Zustand an Sie zu liefern. Dennoch kann es vorkommen, dass Ihre Bestellung nicht Ihren Erwartungen entspricht. Nachstehend finden Sie alle Informationen, die Sie f\u00fcr die R\u00fccksendung Ihrer Bestellung ben\u00f6tigen.<\/p><p style=\"text-align: left;\">Sollte Ihre Bestellung besch\u00e4digt sein, kontaktieren Sie uns bitte umgehend \u00fcber unsere gesch\u00e4ftliche Whatsapp-Nummer: <strong>+316 17884194<\/strong> oder senden Sie eine E-Mail an <strong>info@zaynaswimwear.com<\/strong> Wir helfen Ihnen gerne bei der L\u00f6sung des Problems.<\/p>\t\t\t\t\t\t\t\t<\/div>\n\t\t\t\t<\/div>\n\t\t\t\t\t<\/div>\n\t\t\t\t<\/div>\n\t\t<div class=\"elementor-element elementor-element-b8ce640 e-flex e-con-boxed e-con e-parent\" data-id=\"b8ce640\" data-element_type=\"container\" data-e-type=\"container\" data-settings=\"{&quot;background_background&quot;:&quot;classic&quot;}\">\n\t\t\t\t\t<div class=\"e-con-inner\">\n\t\t\t\t<div class=\"elementor-element elementor-element-6af7e5b elementor-widget elementor-widget-heading\" data-id=\"6af7e5b\" data-element_type=\"widget\" data-e-type=\"widget\" data-widget_type=\"heading.default\">\n\t\t\t\t<div class=\"elementor-widget-container\">\n\t\t\t\t\t<h2 class=\"elementor-heading-title elementor-size-default\">R\u00fcckgabebedingungen:<\/h2>\t\t\t\t<\/div>\n\t\t\t\t<\/div>\n\t\t\t\t<div class=\"vamtam-has-theme-widget-styles elementor-element elementor-element-32c6de1 elementor-widget elementor-widget-text-editor\" data-id=\"32c6de1\" data-element_type=\"widget\" data-e-type=\"widget\" data-widget_type=\"text-editor.default\">\n\t\t\t\t<div class=\"elementor-widget-container\">\n\t\t\t\t\t\t\t\t\t<p>Sie sind noch nicht zufrieden mit dem Produkt? Innerhalb von 14 Tagen nach Erhalt haben Sie die M\u00f6glichkeit, das Produkt zur\u00fcckzugeben. Folgen Sie einfach den nachstehenden Schritten.\u00a0<\/p>\t\t\t\t\t\t\t\t<\/div>\n\t\t\t\t<\/div>\n\t\t\t\t\t<\/div>\n\t\t\t\t<\/div>\n\t\t<div class=\"elementor-element elementor-element-51ce081 e-flex e-con-boxed e-con e-parent\" data-id=\"51ce081\" data-element_type=\"container\" data-e-type=\"container\" data-settings=\"{&quot;background_background&quot;:&quot;classic&quot;}\">\n\t\t\t\t\t<div class=\"e-con-inner\">\n\t\t\t\t<div class=\"elementor-element elementor-element-37b8205 elementor-widget elementor-widget-heading\" data-id=\"37b8205\" data-element_type=\"widget\" data-e-type=\"widget\" data-widget_type=\"heading.default\">\n\t\t\t\t<div class=\"elementor-widget-container\">\n\t\t\t\t\t<h2 class=\"elementor-heading-title elementor-size-default\">R\u00fccksendeprozess:<\/h2>\t\t\t\t<\/div>\n\t\t\t\t<\/div>\n\t\t\t\t<div class=\"vamtam-has-theme-widget-styles elementor-element elementor-element-73cf562 elementor-widget elementor-widget-text-editor\" data-id=\"73cf562\" data-element_type=\"widget\" data-e-type=\"widget\" data-widget_type=\"text-editor.default\">\n\t\t\t\t<div class=\"elementor-widget-container\">\n\t\t\t\t\t\t\t\t\t<ul><li style=\"font-weight: 400;\" aria-level=\"1\"><strong><span style=\"color: #806f65;\">R\u00fccksendung anmelden<\/span><br \/><\/strong>Melden Sie Ihre R\u00fcckgabe an, indem Sie eine Nachricht an unsere Whatsapp-Nummer senden: +316 17884194. Geben Sie dann Ihren Vor- und Nachnamen, Ihre Bestellnummer, das\/die Produkt(e), das\/die Sie zur\u00fcckgeben m\u00f6chten, und den Grund f\u00fcr Ihre R\u00fcckgabe an. Sie erhalten dann von uns eine Nachricht mit der richtigen R\u00fccksendeadresse. Drucken Sie das R\u00fcckgabeformular, das Sie im Webshop herunterladen k\u00f6nnen, aus, f\u00fcllen Sie es aus und verpacken Sie die Produkte wieder in die Originalverpackung. Legen Sie das ausgef\u00fcllte R\u00fccksendeformular bei.<br \/><br \/><\/li><li style=\"font-weight: 400;\" aria-level=\"1\"><span style=\"color: #806f65;\"><strong>Verpackung<\/strong><\/span><p>Verpacken Sie die Produkte im Originalzustand und in einer Schachtel\/Versandtasche.<br \/>Legen Sie das ausgef\u00fcllte R\u00fccksendeformular in den Karton\/die Versandtasche.<\/p><\/li><li style=\"font-weight: 400;\" aria-level=\"1\"><strong><span style=\"color: #806f65;\">Versand<\/span><br \/><\/strong>Geben Sie das Paket bei der Post ab.<br \/>Bewahren Sie die Versandquittung gut auf.<\/li><\/ul>\t\t\t\t\t\t\t\t<\/div>\n\t\t\t\t<\/div>\n\t\t\t\t<div class=\"elementor-element elementor-element-29c282c elementor-widget elementor-widget-heading\" data-id=\"29c282c\" data-element_type=\"widget\" data-e-type=\"widget\" data-widget_type=\"heading.default\">\n\t\t\t\t<div class=\"elementor-widget-container\">\n\t\t\t\t\t<h2 class=\"elementor-heading-title elementor-size-default\">Erstattung <\/h2>\t\t\t\t<\/div>\n\t\t\t\t<\/div>\n\t\t\t\t<div class=\"vamtam-has-theme-widget-styles elementor-element elementor-element-094f523 elementor-widget elementor-widget-text-editor\" data-id=\"094f523\" data-element_type=\"widget\" data-e-type=\"widget\" data-widget_type=\"text-editor.default\">\n\t\t\t\t<div class=\"elementor-widget-container\">\n\t\t\t\t\t\t\t\t\t<ul><li style=\"font-weight: 400;\" aria-level=\"1\"><strong>Wann erfolgt die R\u00fcckzahlung?<br \/><\/strong><br \/>Wir \u00fcberweisen die Ihnen entstandenen Kosten (Ihren Kaufpreis) innerhalb von 1 bis 2 Werktagen nach Erhalt des Pakets.<\/li><li aria-level=\"1\"><strong>Was erhalten Sie als Gegenleistung?<\/strong><p>Sie erhalten eine vollst\u00e4ndige R\u00fcckerstattung des Kaufpreises.<\/p><\/li><li aria-level=\"1\"><strong>Wo erhalte ich die Erstattung?\u00a0<\/strong><p>Wir erstatten Ihnen den Betrag auf die gleiche Weise, wie Sie ihn bezahlt haben. Ist dies nicht m\u00f6glich? Dann werden wir Sie kontaktieren.\u00a0<\/p><\/li><li aria-level=\"1\"><strong>Kosten der R\u00fccksendung\u00a0<\/strong><p>Die Kosten f\u00fcr die R\u00fccksendung gehen zu Ihren eigenen Lasten. Sie senden ein Produkt zur\u00fcck, weil es besch\u00e4digt oder falsch geliefert wurde? Dann erstatten wir Ihnen diese Kosten nachtr\u00e4glich.<\/p><\/li><\/ul>\t\t\t\t\t\t\t\t<\/div>\n\t\t\t\t<\/div>\n\t\t\t\t\t<\/div>\n\t\t\t\t<\/div>\n\t\t<div class=\"elementor-element elementor-element-a678aa8 e-flex e-con-boxed e-con e-parent\" data-id=\"a678aa8\" data-element_type=\"container\" data-e-type=\"container\" data-settings=\"{&quot;background_background&quot;:&quot;classic&quot;}\">\n\t\t\t\t\t<div class=\"e-con-inner\">\n\t\t<div class=\"elementor-element elementor-element-7b31413 e-con-full e-flex e-con e-child\" data-id=\"7b31413\" data-element_type=\"container\" data-e-type=\"container\">\n\t\t\t\t<div class=\"elementor-element elementor-element-526df31 elementor-widget elementor-widget-heading\" data-id=\"526df31\" data-element_type=\"widget\" data-e-type=\"widget\" data-widget_type=\"heading.default\">\n\t\t\t\t<div class=\"elementor-widget-container\">\n\t\t\t\t\t<h2 class=\"elementor-heading-title elementor-size-default\">Senden Sie<\/h2>\t\t\t\t<\/div>\n\t\t\t\t<\/div>\n\t\t\t\t<div class=\"vamtam-has-theme-widget-styles elementor-element elementor-element-5cc44ae elementor-widget elementor-widget-text-editor\" data-id=\"5cc44ae\" data-element_type=\"widget\" data-e-type=\"widget\" data-widget_type=\"text-editor.default\">\n\t\t\t\t<div class=\"elementor-widget-container\">\n\t\t\t\t\t\t\t\t\t<p>Bringen Sie das Paket zu einem Postamt Ihrer Wahl.<br \/>Hier erhalten Sie eine Versandquittung. <br \/><strong>Bewahren Sie es sicher auf, bis die R\u00fccksendung vollst\u00e4ndig bearbeitet ist.<br \/><\/strong> Dies ist Ihr Beweis daf\u00fcr, dass das Paket tats\u00e4chlich versandt wurde und kann im Falle eines Verlusts auf dem Transportweg angefordert werden.<\/p>\t\t\t\t\t\t\t\t<\/div>\n\t\t\t\t<\/div>\n\t\t\t\t<div class=\"vamtam-has-theme-widget-styles elementor-element elementor-element-b7f4c67 elementor-align-left vamtam-has-underline-anim elementor-invisible elementor-widget elementor-widget-button\" data-id=\"b7f4c67\" data-element_type=\"widget\" data-e-type=\"widget\" data-settings=\"{&quot;_animation&quot;:&quot;slideInUp&quot;,&quot;_animation_delay&quot;:200,&quot;_animation_tablet&quot;:&quot;none&quot;}\" data-widget_type=\"button.default\">\n\t\t\t\t<div class=\"elementor-widget-container\">\n\t\t\t\t\t\t\t\t\t<div class=\"elementor-button-wrapper\">\n\t\t\t\t\t<a class=\"elementor-button elementor-button-link elementor-size-sm\" href=\"https:\/\/zaynaswimwear.com\/wp-content\/uploads\/2024\/11\/retourformulier-zayna-swimwear.pdf\">\n\t\t\t\t\t\t<span class=\"elementor-button-content-wrapper\">\n\t\t\t\t\t\t\t\t\t<span class=\"elementor-button-text\">R\u00fcckgabeformular<\/span>\n\t\t\t\t\t<\/span>\n\t\t\t\t\t<\/a>\n\t\t\t\t<\/div>\n\t\t\t\t\t\t\t\t<\/div>\n\t\t\t\t<\/div>\n\t\t\t\t<\/div>\n\t\t<div class=\"elementor-element elementor-element-1fb5c02 e-con-full e-flex e-con e-child\" data-id=\"1fb5c02\" data-element_type=\"container\" data-e-type=\"container\">\n\t\t\t\t<div class=\"elementor-element elementor-element-48e91c1 elementor-widget elementor-widget-heading\" data-id=\"48e91c1\" data-element_type=\"widget\" data-e-type=\"widget\" data-widget_type=\"heading.default\">\n\t\t\t\t<div class=\"elementor-widget-container\">\n\t\t\t\t\t<h2 class=\"elementor-heading-title elementor-size-default\">Handhabung<\/h2>\t\t\t\t<\/div>\n\t\t\t\t<\/div>\n\t\t\t\t<div class=\"vamtam-has-theme-widget-styles elementor-element elementor-element-815e7fa elementor-widget elementor-widget-text-editor\" data-id=\"815e7fa\" data-element_type=\"widget\" data-e-type=\"widget\" data-widget_type=\"text-editor.default\">\n\t\t\t\t<div class=\"elementor-widget-container\">\n\t\t\t\t\t\t\t\t\t<p>Sobald die R\u00fccksendung bei uns bearbeitet worden ist, werden Sie automatisch benachrichtigt.<\/p><p>Wir werden uns nat\u00fcrlich bem\u00fchen, dies so schnell wie m\u00f6glich zu tun. Haben Sie nach 14 Tagen noch nichts von uns geh\u00f6rt?<\/p><p>Wenn ja, wenden Sie sich bitte an unseren Kundendienst.\u00a0<\/p>\t\t\t\t\t\t\t\t<\/div>\n\t\t\t\t<\/div>\n\t\t\t\t<\/div>\n\t\t\t\t\t<\/div>\n\t\t\t\t<\/div>\n\t\t\t\t<\/div>","protected":false},"excerpt":{"rendered":"<p>Retouren Wij doen er alles aan om je bestelling compleet en in goede staat bij je af te leveren. Toch kan het voorkomen dat je bestelling niet aan je verwachtingen voldoet. Hieronder vind je alle informatie die je nodig hebt om je bestelling te retourneren. Indien de bestelling beschadigt, neem dan meteen contact op via&#8230;<\/p>","protected":false},"author":2,"featured_media":0,"parent":0,"menu_order":0,"comment_status":"closed","ping_status":"closed","template":"","meta":{"iawp_total_views":35,"footnotes":""},"class_list":["post-988276","page","type-page","status-publish","hentry"],"_links":{"self":[{"href":"https:\/\/zaynaswimwear.com\/de\/wp-json\/wp\/v2\/pages\/988276","targetHints":{"allow":["GET"]}}],"collection":[{"href":"https:\/\/zaynaswimwear.com\/de\/wp-json\/wp\/v2\/pages"}],"about":[{"href":"https:\/\/zaynaswimwear.com\/de\/wp-json\/wp\/v2\/types\/page"}],"author":[{"embeddable":true,"href":"https:\/\/zaynaswimwear.com\/de\/wp-json\/wp\/v2\/users\/2"}],"replies":[{"embeddable":true,"href":"https:\/\/zaynaswimwear.com\/de\/wp-json\/wp\/v2\/comments?post=988276"}],"version-history":[{"count":31,"href":"https:\/\/zaynaswimwear.com\/de\/wp-json\/wp\/v2\/pages\/988276\/revisions"}],"predecessor-version":[{"id":988713,"href":"https:\/\/zaynaswimwear.com\/de\/wp-json\/wp\/v2\/pages\/988276\/revisions\/988713"}],"wp:attachment":[{"href":"https:\/\/zaynaswimwear.com\/de\/wp-json\/wp\/v2\/media?parent=988276"}],"curies":[{"name":"wp","href":"https:\/\/api.w.org\/{rel}","templated":true}]}}